{"id":6,"date":"2026-03-05T18:44:10","date_gmt":"2026-03-05T18:44:10","guid":{"rendered":"https:\/\/canalminbolivia.org\/?page_id=6"},"modified":"2026-04-01T19:19:56","modified_gmt":"2026-04-01T19:19:56","slug":"inicio","status":"publish","type":"page","link":"https:\/\/canalminbolivia.org\/","title":{"rendered":"Inicio"},"content":{"rendered":"<div class=\"n2-section-smartslider fitvidsignore  n2_clear\" data-ssid=\"1\" tabindex=\"0\" role=\"region\" aria-label=\"Slider\"><div id=\"n2-ss-1-align\" class=\"n2-ss-align\"><div class=\"n2-padding\"><div id=\"n2-ss-1\" data-creator=\"Smart Slider 3\" data-responsive=\"auto\" class=\"n2-ss-slider n2-ow n2-has-hover n2notransition  \">\n\n\n\n<div class=\"n2-ss-slider-wrapper-inside\">\n        <div class=\"n2-ss-slider-1 n2_ss__touch_element n2-ow\">\n            <div class=\"n2-ss-slider-2 n2-ow\">\n                                                    <div class=\"n2-ss-background-animation n2-ow\"><\/div>\n                                <div class=\"n2-ss-slider-3 n2-ow\">\n\n                    <div class=\"n2-ss-slide-backgrounds n2-ow-all\"><div class=\"n2-ss-slide-background\" data-public-id=\"1\" data-mode=\"fit\"><div class=\"n2-ss-slide-background-image\" data-blur=\"0\" data-opacity=\"100\" data-x=\"50\" data-y=\"50\" data-alt=\"\" data-title=\"\"><picture class=\"skip-lazy\" data-skip-lazy=\"1\"><img decoding=\"async\" src=\"\/\/canalminbolivia.org\/wp-content\/uploads\/2026\/03\/2-2.png\" alt=\"\" title=\"\" loading=\"lazy\" class=\"skip-lazy\" data-skip-lazy=\"1\"><\/picture><\/div><div data-color=\"RGBA(255,255,255,0)\" style=\"background-color: RGBA(255,255,255,0);\" class=\"n2-ss-slide-background-color\"><\/div><\/div><div class=\"n2-ss-slide-background\" data-public-id=\"2\" data-mode=\"fit\" aria-hidden=\"true\"><div class=\"n2-ss-slide-background-image\" data-blur=\"0\" data-opacity=\"100\" data-x=\"50\" data-y=\"50\" data-alt=\"\" data-title=\"\"><picture class=\"skip-lazy\" data-skip-lazy=\"1\"><img decoding=\"async\" src=\"\/\/canalminbolivia.org\/wp-content\/uploads\/2026\/03\/3-3.png\" alt=\"\" title=\"\" loading=\"lazy\" class=\"skip-lazy\" data-skip-lazy=\"1\"><\/picture><\/div><div data-color=\"RGBA(255,255,255,0)\" style=\"background-color: RGBA(255,255,255,0);\" class=\"n2-ss-slide-background-color\"><\/div><\/div><div class=\"n2-ss-slide-background\" data-public-id=\"3\" data-mode=\"fit\" aria-hidden=\"true\"><div class=\"n2-ss-slide-background-image\" data-blur=\"0\" data-opacity=\"100\" data-x=\"50\" data-y=\"50\" data-alt=\"\" data-title=\"\"><picture class=\"skip-lazy\" data-skip-lazy=\"1\"><img decoding=\"async\" src=\"\/\/canalminbolivia.org\/wp-content\/uploads\/2026\/03\/4-4.png\" alt=\"\" title=\"\" loading=\"lazy\" class=\"skip-lazy\" data-skip-lazy=\"1\"><\/picture><\/div><div data-color=\"RGBA(255,255,255,0)\" style=\"background-color: RGBA(255,255,255,0);\" class=\"n2-ss-slide-background-color\"><\/div><\/div><div class=\"n2-ss-slide-background\" data-public-id=\"4\" data-mode=\"fit\" aria-hidden=\"true\"><div class=\"n2-ss-slide-background-image\" data-blur=\"0\" data-opacity=\"100\" data-x=\"50\" data-y=\"50\" data-alt=\"\" data-title=\"\"><picture class=\"skip-lazy\" data-skip-lazy=\"1\"><img decoding=\"async\" src=\"\/\/canalminbolivia.org\/wp-content\/uploads\/2026\/03\/5-5.png\" alt=\"\" title=\"\" loading=\"lazy\" class=\"skip-lazy\" data-skip-lazy=\"1\"><\/picture><\/div><div data-color=\"RGBA(255,255,255,0)\" style=\"background-color: RGBA(255,255,255,0);\" class=\"n2-ss-slide-background-color\"><\/div><\/div><div class=\"n2-ss-slide-background\" data-public-id=\"5\" data-mode=\"fit\" aria-hidden=\"true\"><div class=\"n2-ss-slide-background-image\" data-blur=\"0\" data-opacity=\"100\" data-x=\"50\" data-y=\"50\" data-alt=\"\" data-title=\"\"><picture class=\"skip-lazy\" data-skip-lazy=\"1\"><img decoding=\"async\" src=\"\/\/canalminbolivia.org\/wp-content\/uploads\/2026\/03\/6-6.png\" alt=\"\" title=\"\" loading=\"lazy\" class=\"skip-lazy\" data-skip-lazy=\"1\"><\/picture><\/div><div data-color=\"RGBA(255,255,255,0)\" style=\"background-color: RGBA(255,255,255,0);\" class=\"n2-ss-slide-background-color\"><\/div><\/div><div class=\"n2-ss-slide-background\" data-public-id=\"6\" data-mode=\"fit\" aria-hidden=\"true\"><div class=\"n2-ss-slide-background-image\" data-blur=\"0\" data-opacity=\"100\" data-x=\"50\" data-y=\"50\" data-alt=\"\" data-title=\"\"><picture class=\"skip-lazy\" data-skip-lazy=\"1\"><img decoding=\"async\" src=\"\/\/canalminbolivia.org\/wp-content\/uploads\/2026\/03\/7-7.png\" alt=\"\" title=\"\" loading=\"lazy\" class=\"skip-lazy\" data-skip-lazy=\"1\"><\/picture><\/div><div data-color=\"RGBA(255,255,255,0)\" style=\"background-color: RGBA(255,255,255,0);\" class=\"n2-ss-slide-background-color\"><\/div><\/div><div class=\"n2-ss-slide-background\" data-public-id=\"7\" data-mode=\"stretch\" aria-hidden=\"true\"><div class=\"n2-ss-slide-background-image\" data-blur=\"0\" data-opacity=\"100\" data-x=\"50\" data-y=\"50\" data-alt=\"\" data-title=\"\"><picture class=\"skip-lazy\" data-skip-lazy=\"1\"><img decoding=\"async\" src=\"\/\/canalminbolivia.org\/wp-content\/uploads\/2026\/03\/8-8.png\" alt=\"\" title=\"\" loading=\"lazy\" class=\"skip-lazy\" data-skip-lazy=\"1\"><\/picture><\/div><div data-color=\"RGBA(255,255,255,0)\" style=\"background-color: RGBA(255,255,255,0);\" class=\"n2-ss-slide-background-color\"><\/div><\/div><\/div>                    <div class=\"n2-ss-slider-4 n2-ow\">\n                        <svg xmlns=\"http:\/\/www.w3.org\/2000\/svg\" viewBox=\"0 0 820 450\" data-related-device=\"desktopPortrait\" class=\"n2-ow n2-ss-preserve-size n2-ss-preserve-size--slider n2-ss-slide-limiter\"><\/svg><div data-first=\"1\" data-slide-duration=\"0\" data-id=\"66\" data-slide-public-id=\"1\" data-title=\"2-2\" class=\"n2-ss-slide n2-ow  n2-ss-slide-66\"><div role=\"note\" class=\"n2-ss-slide--focus\" tabindex=\"-1\">2-2<\/div><div class=\"n2-ss-layers-container n2-ss-slide-limiter n2-ow\"><div class=\"n2-ss-layer n2-ow n-uc-ntWTrscsaFzb\" data-sstype=\"slide\" data-pm=\"default\"><\/div><\/div><\/div><div data-slide-duration=\"0\" data-id=\"67\" data-slide-public-id=\"2\" aria-hidden=\"true\" data-title=\"3-3\" class=\"n2-ss-slide n2-ow  n2-ss-slide-67\"><div role=\"note\" class=\"n2-ss-slide--focus\" tabindex=\"-1\">3-3<\/div><div class=\"n2-ss-layers-container n2-ss-slide-limiter n2-ow\"><div class=\"n2-ss-layer n2-ow n-uc-n2oaxre5zaeZ\" data-sstype=\"slide\" data-pm=\"default\"><\/div><\/div><\/div><div data-slide-duration=\"0\" data-id=\"68\" data-slide-public-id=\"3\" aria-hidden=\"true\" data-title=\"4-4\" class=\"n2-ss-slide n2-ow  n2-ss-slide-68\"><div role=\"note\" class=\"n2-ss-slide--focus\" tabindex=\"-1\">4-4<\/div><div class=\"n2-ss-layers-container n2-ss-slide-limiter n2-ow\"><div class=\"n2-ss-layer n2-ow n-uc-IsnqP1oLBEgL\" data-sstype=\"slide\" data-pm=\"default\"><\/div><\/div><\/div><div data-slide-duration=\"0\" data-id=\"69\" data-slide-public-id=\"4\" aria-hidden=\"true\" data-title=\"5-5\" class=\"n2-ss-slide n2-ow  n2-ss-slide-69\"><div role=\"note\" class=\"n2-ss-slide--focus\" tabindex=\"-1\">5-5<\/div><div class=\"n2-ss-layers-container n2-ss-slide-limiter n2-ow\"><div class=\"n2-ss-layer n2-ow n-uc-whydHsuoW1H6\" data-sstype=\"slide\" data-pm=\"default\"><\/div><\/div><\/div><div data-slide-duration=\"0\" data-id=\"70\" data-slide-public-id=\"5\" aria-hidden=\"true\" data-title=\"6-6\" class=\"n2-ss-slide n2-ow  n2-ss-slide-70\"><div role=\"note\" class=\"n2-ss-slide--focus\" tabindex=\"-1\">6-6<\/div><div class=\"n2-ss-layers-container n2-ss-slide-limiter n2-ow\"><div class=\"n2-ss-layer n2-ow n-uc-IXKd25h8BpMR\" data-sstype=\"slide\" data-pm=\"default\"><\/div><\/div><\/div><div data-slide-duration=\"0\" data-id=\"71\" data-slide-public-id=\"6\" aria-hidden=\"true\" data-title=\"7-7\" class=\"n2-ss-slide n2-ow  n2-ss-slide-71\"><div role=\"note\" class=\"n2-ss-slide--focus\" tabindex=\"-1\">7-7<\/div><div class=\"n2-ss-layers-container n2-ss-slide-limiter n2-ow\"><div class=\"n2-ss-layer n2-ow n-uc-wTt6NA6xs9ra\" data-sstype=\"slide\" data-pm=\"default\"><\/div><\/div><\/div><div data-slide-duration=\"0\" data-id=\"72\" data-slide-public-id=\"7\" aria-hidden=\"true\" data-title=\"8-8\" class=\"n2-ss-slide n2-ow  n2-ss-slide-72\"><div role=\"note\" class=\"n2-ss-slide--focus\" tabindex=\"-1\">8-8<\/div><div class=\"n2-ss-layers-container n2-ss-slide-limiter n2-ow\"><div class=\"n2-ss-layer n2-ow n-uc-kG0qqhBFBeAS\" data-sstype=\"slide\" data-pm=\"default\"><\/div><\/div><\/div>                    <\/div>\n\n                                    <\/div>\n            <\/div>\n        <\/div>\n        <div class=\"n2-ss-slider-controls n2-ss-slider-controls-absolute-center-bottom\"><div style=\"--widget-offset:5px;\" class=\"n2-ss-widget n2-ss-control-bullet n2-ow-all n2-ss-control-bullet-horizontal\"><div class=\" nextend-bullet-bar n2-bar-justify-content-center\" role=\"group\" aria-label=\"Selecciona el slide para mostrar.\"><div class=\"n2-bullet n2-style-37b83350d88fb82e7ea26e8ad7887167-dot \" style=\"visibility:hidden;\"><\/div><\/div><\/div><\/div><\/div><\/div><ss3-loader><\/ss3-loader><\/div><\/div><div class=\"n2_clear\"><\/div><\/div>\r\n\r\n<hr class=\"wp-block-separator has-alpha-channel-opacity\" \/>\r\n\r\n<h1 class=\"wp-block-heading alignwide has-text-align-center\" style=\"margin: var(--wp--preset--spacing--20); text-align: center;\"><span style=\"font-size: 60px; color: #072472; font-family: tahoma, arial, helvetica, sans-serif;\">C\u00c1MARA NACIONAL DE MINER\u00cdA<\/span><\/h1>\r\n\r\n\r\n<div class=\"wp-block-columns alignfull is-layout-flex wp-container-core-columns-is-layout-28f84493 wp-block-columns-is-layout-flex\">\r\n<div class=\"wp-block-column is-layout-flow wp-block-column-is-layout-flow\">\r\n<div class=\"wp-block-cover has-parallax has-medium-font-size has-aspect-ratio\" style=\"border-style: none; border-width: 0px; border-top-left-radius: 27px; border-top-right-radius: 27px; border-bottom-left-radius: 27px; border-bottom-right-radius: 27px; margin-top: 0; margin-bottom: 0; min-height: 86px; padding: var(--wp--preset--spacing--20);aspect-ratio:auto;min-height:unset;\">\r\n<div class=\"wp-block-cover__image-background wp-image-1470 size-full has-parallax\" style=\"background-position: 50% 50%; background-image: url('https:\/\/canalminbolivia.org\/wp-content\/uploads\/2026\/03\/azulCuadro-1.png');\">\u00a0<\/div>\r\n<div class=\"wp-block-cover__inner-container is-layout-flow wp-container-core-cover-is-layout-bb4826dc wp-block-cover-is-layout-flow\">\r\n<p class=\"has-text-align-left has-medium-font-size\" style=\"border-radius: 20px; margin: var(--wp--preset--spacing--40); text-align: justify;\"><span style=\"font-family: tahoma, arial, helvetica, sans-serif;\">Entidad matriz de la representaci\u00f3n gremial de la Miner\u00eda Chica Boliviana, orientada a articular, defender y fortalecer a los operadores mineros chicos del pa\u00eds.<\/span><\/p>\r\n<p class=\"has-text-align-left has-medium-font-size\" style=\"border-top-left-radius: 18px; border-top-right-radius: 18px; border-bottom-left-radius: 18px; border-bottom-right-radius: 18px; margin: var(--wp--preset--spacing--40);\"><\/p>\r\n<\/div>\r\n<\/div>\r\n<\/div>\r\n\r\n\r\n<div class=\"wp-block-column is-layout-flow wp-block-column-is-layout-flow\">\u00a0<\/div>\r\n<\/div>\r\n\r\n\r\n<div class=\"wp-block-columns is-layout-flex wp-container-core-columns-is-layout-28f84493 wp-block-columns-is-layout-flex\">\r\n<div class=\"wp-block-column is-layout-flow wp-block-column-is-layout-flow\">\u00a0<\/div>\r\n\r\n\r\n<div class=\"wp-block-column is-layout-flow wp-block-column-is-layout-flow\">\r\n<div class=\"wp-block-cover is-light has-parallax\" style=\"border-top-left-radius: 27px; border-top-right-radius: 27px; border-bottom-left-radius: 27px; border-bottom-right-radius: 27px; min-height: 83px;aspect-ratio:unset;\">\r\n<div class=\"wp-block-cover__image-background wp-image-1508 size-full has-parallax\" style=\"background-position: 50% 50%; background-image: url('https:\/\/canalminbolivia.org\/wp-content\/uploads\/2026\/03\/amarilloCuadro-1.png');\">\u00a0<\/div>\r\n<div class=\"wp-block-cover__inner-container is-layout-flow wp-block-cover-is-layout-flow\">\r\n<p class=\"has-text-align-left has-medium-font-size\" style=\"border-radius: 18px; margin: var(--wp--preset--spacing--30) var(--wp--preset--spacing--40) var(--wp--preset--spacing--30) var(--wp--preset--spacing--40); text-align: justify;\"><span style=\"font-family: tahoma, arial, helvetica, sans-serif; color: #072472;\"><strong>Instituci\u00f3n representativa y de coordinaci\u00f3n, sin fines de lucro, conformada por las C\u00e1maras Departamentales y Regionales de Miner\u00eda, con alcance nacional, orientada a la defensa, articulaci\u00f3n, fortalecimiento y desarrollo de la Miner\u00eda Chica a lo largo de toda la cadena productiva.<\/strong><\/span><\/p>\r\n<p class=\"has-text-align-left has-medium-font-size\" style=\"border-top-left-radius: 18px; border-top-right-radius: 18px; border-bottom-left-radius: 18px; border-bottom-right-radius: 18px; margin: var(--wp--preset--spacing--30) var(--wp--preset--spacing--40) var(--wp--preset--spacing--30) var(--wp--preset--spacing--40);\"><\/p>\r\n<\/div>\r\n<\/div>\r\n<\/div>\r\n<\/div>\r\n\r\n\r\n<blockquote>\r\n<p><span style=\"font-family: tahoma, arial, helvetica, sans-serif; font-size: 24px;\"><strong><em>\u00abDesde 1953, articulando la Miner\u00eda Chica de Bolivia. M\u00e1s de 70 a\u00f1os representando a operadores mineros en los 9 departamentos del pa\u00eds.\u00bb<\/em><\/strong><\/span><\/p>\r\n<\/blockquote>\r\n<hr \/>\r\n<p><img decoding=\"async\" class=\"size-full wp-image-599 aligncenter\" src=\"https:\/\/canalminbolivia.org\/wp-content\/uploads\/2026\/03\/IMG-20260305-WA0003.jpg-removebg-preview.png\" alt=\"\" width=\"400\" height=\"375\" \/><\/p>\r\n<h1 class=\"wp-block-heading has-text-align-center\"><span style=\"color: #072472; font-family: tahoma, arial, helvetica, sans-serif;\"><strong>Enlaces de inter\u00e9s\u00a0 \u2013 Instituciones vinculadas<\/strong><\/span><\/h1>\r\n<p><span style=\"background-color: #003366;\"> \r\n <\/span><\/p>\r\n<figure class=\"wp-block-table\">\r\n<table class=\"has-fixed-layout\" style=\"height: 141px; width: 102.219%; border-color: #ffffff; background-color: #ffffff; border-style: inset;\" border=\"0\">\r\n<tbody>\r\n<tr style=\"height: 124px;\">\r\n<td style=\"width: 146.65px; height: 124px;\"><a href=\"http:\/\/www.mineria.gob.bo\" target=\"_blank\" rel=\"noreferrer noopener\"><img decoding=\"async\" width=\"150\" height=\"118\" class=\"wp-image-541 aligncenter\" style=\"width: 150px;\" src=\"https:\/\/canalminbolivia.org\/wp-content\/uploads\/2026\/03\/ICON-MINERIA-NAC.png\" alt=\"\" \/><\/a><\/td>\r\n<td class=\"has-text-align-center\" style=\"width: 78.0667px; height: 124px;\" data-align=\"center\"><a href=\"http:\/\/www.sergeomin.gob.bo\" target=\"_blank\" rel=\"noreferrer noopener\"><img decoding=\"async\" width=\"80\" height=\"90\" class=\"wp-image-546 aligncenter\" style=\"width: 80px;\" src=\"https:\/\/canalminbolivia.org\/wp-content\/uploads\/2026\/03\/ICON-SERG.png\" alt=\"\" \/><\/a><\/td>\r\n<td style=\"width: 88.3px; height: 124px;\"><a href=\"http:\/\/www.ajam.gob.bo\" target=\"_blank\" rel=\"noreferrer noopener\"><img decoding=\"async\" width=\"90\" height=\"113\" class=\"wp-image-552 aligncenter\" style=\"width: 90px;\" src=\"https:\/\/canalminbolivia.org\/wp-content\/uploads\/2026\/03\/ICON-AJAM.png\" alt=\"\" \/><\/a><\/td>\r\n<td style=\"width: 88.3px; height: 124px;\"><a href=\"http:\/\/www.comibol.gob.bo\" target=\"_blank\" rel=\"noreferrer noopener\"><img decoding=\"async\" width=\"90\" height=\"89\" class=\"wp-image-556 aligncenter\" style=\"width: 90px;\" src=\"https:\/\/canalminbolivia.org\/wp-content\/uploads\/2026\/03\/ICONO-COMIBOL.png\" alt=\"\" \/><\/a><\/td>\r\n<td style=\"width: 117.983px; height: 124px;\"><a href=\"http:\/\/www.seprec.gob.bo\" target=\"_blank\" rel=\"noreferrer noopener\"><img decoding=\"async\" width=\"120\" height=\"59\" class=\"wp-image-558 aligncenter\" style=\"width: 120px;\" src=\"https:\/\/canalminbolivia.org\/wp-content\/uploads\/2026\/03\/ICONO-SEPREC.png\" alt=\"\" \/><\/a><\/td>\r\n<td style=\"width: 88.3167px; height: 124px;\"><a href=\"http:\/\/www.senarecom.gob.bo\" target=\"_blank\" rel=\"noreferrer noopener\"><img decoding=\"async\" width=\"90\" height=\"90\" class=\"wp-image-559 aligncenter\" style=\"width: 90px;\" src=\"https:\/\/canalminbolivia.org\/wp-content\/uploads\/2026\/03\/ICON-SENARECOM.png\" alt=\"\" \/><\/a><\/td>\r\n<\/tr>\r\n<\/tbody>\r\n<\/table>\r\n<\/figure>\r\n<p>\r\n<\/p>\r\n<p><\/p>","protected":false},"excerpt":{"rendered":"<p>C\u00c1MARA NACIONAL DE MINER\u00cdA \u00a0 \u00a0 \u00abDesde 1953, articulando la Miner\u00eda Chica de Bolivia. M\u00e1s de 70 a\u00f1os<\/p>\n","protected":false},"author":1,"featured_media":0,"parent":0,"menu_order":0,"comment_status":"closed","ping_status":"closed","template":"","meta":{"_uag_custom_page_level_css":"","footnotes":""},"class_list":["post-6","page","type-page","status-publish","hentry"],"uagb_featured_image_src":{"full":false,"thumbnail":false,"medium":false,"medium_large":false,"large":false,"1536x1536":false,"2048x2048":false,"reviewnews-large":false,"reviewnews-medium":false,"awb_sm":false,"awb_md":false,"awb_lg":false,"awb_xl":false},"uagb_author_info":{"display_name":"admin","author_link":"https:\/\/canalminbolivia.org\/index.php\/author\/admin\/"},"uagb_comment_info":0,"uagb_excerpt":"C\u00c1MARA NACIONAL DE MINER\u00cdA \u00a0 \u00a0 \u00abDesde 1953, articulando la Miner\u00eda Chica de Bolivia. M\u00e1s de 70 a\u00f1os","_links":{"self":[{"href":"https:\/\/canalminbolivia.org\/index.php\/wp-json\/wp\/v2\/pages\/6","targetHints":{"allow":["GET"]}}],"collection":[{"href":"https:\/\/canalminbolivia.org\/index.php\/wp-json\/wp\/v2\/pages"}],"about":[{"href":"https:\/\/canalminbolivia.org\/index.php\/wp-json\/wp\/v2\/types\/page"}],"author":[{"embeddable":true,"href":"https:\/\/canalminbolivia.org\/index.php\/wp-json\/wp\/v2\/users\/1"}],"replies":[{"embeddable":true,"href":"https:\/\/canalminbolivia.org\/index.php\/wp-json\/wp\/v2\/comments?post=6"}],"version-history":[{"count":250,"href":"https:\/\/canalminbolivia.org\/index.php\/wp-json\/wp\/v2\/pages\/6\/revisions"}],"predecessor-version":[{"id":2398,"href":"https:\/\/canalminbolivia.org\/index.php\/wp-json\/wp\/v2\/pages\/6\/revisions\/2398"}],"wp:attachment":[{"href":"https:\/\/canalminbolivia.org\/index.php\/wp-json\/wp\/v2\/media?parent=6"}],"curies":[{"name":"wp","href":"https:\/\/api.w.org\/{rel}","templated":true}]}}