{"id":43,"date":"2026-03-05T18:59:59","date_gmt":"2026-03-05T18:59:59","guid":{"rendered":"https:\/\/canalminbolivia.org\/?page_id=43"},"modified":"2026-04-01T19:16:32","modified_gmt":"2026-04-01T19:16:32","slug":"mineria-chica","status":"publish","type":"page","link":"https:\/\/canalminbolivia.org\/index.php\/acciones\/mineria-chica\/","title":{"rendered":"Miner\u00eda Chica"},"content":{"rendered":"<h1 style=\"text-align: center;\"><span style=\"font-size: 60px; color: #072472; font-family: tahoma, arial, helvetica, sans-serif;\">Miner\u00eda Chica<\/span><\/h1>\n\n\n\n\n\n\n<div class=\"wp-block-columns alignfull are-vertically-aligned-top is-layout-flex wp-container-core-columns-is-layout-28f84493 wp-block-columns-is-layout-flex\">\n<div class=\"wp-block-column is-vertically-aligned-top is-layout-flow wp-block-column-is-layout-flow\">\n<p><p style=\"text-align: justify;\"><span style=\"font-size: 24px; font-family: tahoma, arial, helvetica, sans-serif; color: #072472;\"><strong>CANALMIN<\/strong> impulsa el fortalecimiento de la miner\u00eda chica, promoviendo su formalizaci\u00f3n, capacitaci\u00f3n, acceso a mercados y mejores condiciones productivas, contribuyendo as\u00ed al desarrollo local y regional.<\/span><\/p>\n<p style=\"text-align: justify;\"><br>\n<span style=\"font-size: 24px; font-family: tahoma, arial, helvetica, sans-serif; color: #072472;\"><strong>La Miner\u00eda Chica<\/strong> constituye uno de los pilares fundamentales del sector minero nacional, por su aporte a la econom\u00eda, la generaci\u00f3n de empleo y el desarrollo productivo en diversas regiones del pa\u00eds.<\/span><\/p><\/p>\n\n\n\n<p>&nbsp;<\/p>\n<\/div>\n\n\n\n<div class=\"wp-block-column is-vertically-aligned-top is-layout-flow wp-block-column-is-layout-flow\">\n<figure class=\"wp-block-image alignwide size-full\"><img decoding=\"async\" width=\"800\" height=\"485\" src=\"https:\/\/canalminbolivia.org\/wp-content\/uploads\/2026\/04\/7.png\" alt=\"\" class=\"wp-image-2302\"\/><\/figure>\n<\/div>\n<\/div>\n\n\n\n\n\n\n\n<div class=\"wp-block-columns alignfull is-layout-flex wp-container-core-columns-is-layout-28f84493 wp-block-columns-is-layout-flex\">\n<div class=\"wp-block-column is-layout-flow wp-block-column-is-layout-flow\">\n<p><p style=\"text-align: justify;\"><span style=\"font-size: 24px; font-family: tahoma, arial, helvetica, sans-serif; color: #072472;\"><strong>La C\u00e1mara Nacional de Miner\u00eda<\/strong> reconoce y promueve el fortalecimiento de la Miner\u00eda Chica como un sector estrat\u00e9gico, impulsando su formalizaci\u00f3n, sostenibilidad y acceso equitativo a condiciones que permitan su desarrollo productivo y competitivo.<\/span><\/p>\n<p style=\"text-align: justify;\"><span style=\"font-size: 24px; font-family: tahoma, arial, helvetica, sans-serif; color: #072472;\">En este marco, <strong>CANALMIN<\/strong> trabaja en la articulaci\u00f3n institucional, la representaci\u00f3n y la defensa de los intereses de la Miner\u00eda Chica ante instancias p\u00fablicas y privadas, promoviendo pol\u00edticas p\u00fablicas que reconozcan sus particularidades, capacidades y contribuci\u00f3n al desarrollo nacional<\/span><\/p><\/p>\n<\/div>\n\n\n\n<div class=\"wp-block-column is-layout-flow wp-block-column-is-layout-flow\">\n<figure class=\"wp-block-image alignfull size-full\"><img decoding=\"async\" width=\"800\" height=\"485\" src=\"https:\/\/canalminbolivia.org\/wp-content\/uploads\/2026\/04\/13.png\" alt=\"\" class=\"wp-image-2303\"\/><\/figure>\n<\/div>\n<\/div>\n\n\n\n\n\n<div class=\"wp-block-columns alignfull is-layout-flex wp-container-core-columns-is-layout-28f84493 wp-block-columns-is-layout-flex\">\n<div class=\"wp-block-column is-layout-flow wp-block-column-is-layout-flow\">\n<p><p style=\"text-align: justify;\"><span style=\"font-family: tahoma, arial, helvetica, sans-serif; font-size: 24px; color: #072472;\">Seg\u00fan el <strong>Ministerio de Miner\u00eda y Metalurgia de Bolivia,<\/strong> la actividad minera se clasifica en: miner\u00eda estatal <strong>(COMIBOL)<\/strong>, miner\u00eda mediana, miner\u00eda chica y cooperativas mineras. <\/span><\/p>\n<p style=\"text-align: justify;\"><span style=\"font-family: tahoma, arial, helvetica, sans-serif; font-size: 24px; color: #072472;\">La Miner\u00eda Chica est\u00e1 presente en los 9 departamentos del pa\u00eds y explota una amplia variedad de minerales met\u00e1licos y no met\u00e1licos. A partir de la crisis de 1985, la exportaci\u00f3n combinada de la miner\u00eda chica y mediana super\u00f3 en valor porcentual a la de <strong>COMIBOL<\/strong>.<\/span><\/p><\/p>\n<\/div>\n\n\n\n<div class=\"wp-block-column is-layout-flow wp-block-column-is-layout-flow\">\n<figure class=\"wp-block-image alignfull size-full\"><img decoding=\"async\" width=\"2133\" height=\"1292\" src=\"https:\/\/canalminbolivia.org\/wp-content\/uploads\/2026\/04\/32.png\" alt=\"\" class=\"wp-image-2305\"\/><\/figure>\n<\/div>\n<\/div>\n","protected":false},"excerpt":{"rendered":"<p>Miner\u00eda Chica CANALMIN impulsa el fortalecimiento de la miner\u00eda chica, promoviendo su formalizaci\u00f3n, capacitaci\u00f3n, acceso a mercados y<\/p>\n","protected":false},"author":1,"featured_media":0,"parent":39,"menu_order":0,"comment_status":"closed","ping_status":"closed","template":"page-templates\/full-width.php","meta":{"_uag_custom_page_level_css":"","footnotes":""},"class_list":["post-43","page","type-page","status-publish","hentry"],"uagb_featured_image_src":{"full":false,"thumbnail":false,"medium":false,"medium_large":false,"large":false,"1536x1536":false,"2048x2048":false,"reviewnews-large":false,"reviewnews-medium":false,"awb_sm":false,"awb_md":false,"awb_lg":false,"awb_xl":false},"uagb_author_info":{"display_name":"admin","author_link":"https:\/\/canalminbolivia.org\/index.php\/author\/admin\/"},"uagb_comment_info":0,"uagb_excerpt":"Miner\u00eda Chica CANALMIN impulsa el fortalecimiento de la miner\u00eda chica, promoviendo su formalizaci\u00f3n, capacitaci\u00f3n, acceso a mercados y","_links":{"self":[{"href":"https:\/\/canalminbolivia.org\/index.php\/wp-json\/wp\/v2\/pages\/43","targetHints":{"allow":["GET"]}}],"collection":[{"href":"https:\/\/canalminbolivia.org\/index.php\/wp-json\/wp\/v2\/pages"}],"about":[{"href":"https:\/\/canalminbolivia.org\/index.php\/wp-json\/wp\/v2\/types\/page"}],"author":[{"embeddable":true,"href":"https:\/\/canalminbolivia.org\/index.php\/wp-json\/wp\/v2\/users\/1"}],"replies":[{"embeddable":true,"href":"https:\/\/canalminbolivia.org\/index.php\/wp-json\/wp\/v2\/comments?post=43"}],"version-history":[{"count":11,"href":"https:\/\/canalminbolivia.org\/index.php\/wp-json\/wp\/v2\/pages\/43\/revisions"}],"predecessor-version":[{"id":2306,"href":"https:\/\/canalminbolivia.org\/index.php\/wp-json\/wp\/v2\/pages\/43\/revisions\/2306"}],"up":[{"embeddable":true,"href":"https:\/\/canalminbolivia.org\/index.php\/wp-json\/wp\/v2\/pages\/39"}],"wp:attachment":[{"href":"https:\/\/canalminbolivia.org\/index.php\/wp-json\/wp\/v2\/media?parent=43"}],"curies":[{"name":"wp","href":"https:\/\/api.w.org\/{rel}","templated":true}]}}