{"id":17,"date":"2026-03-05T18:51:17","date_gmt":"2026-03-05T18:51:17","guid":{"rendered":"https:\/\/canalminbolivia.org\/?page_id=17"},"modified":"2026-04-01T19:06:41","modified_gmt":"2026-04-01T19:06:41","slug":"objetivo-institucional","status":"publish","type":"page","link":"https:\/\/canalminbolivia.org\/index.php\/marco-institucional\/objetivo-institucional\/","title":{"rendered":"Objetivo Institucional"},"content":{"rendered":"<p><\/p>\r\n<p><\/p>\r\n<p><\/p>\r\n<div class=\"wp-block-cover alignwide\" style=\"min-height: 700px; padding: 0;aspect-ratio:unset;\">\r\n<p style=\"text-align: justify;\"><span style=\"font-family: tahoma, arial, helvetica, sans-serif; font-size: 24px;\"><img decoding=\"async\" class=\"wp-block-cover__image-background wp-image-2294 size-full aligncenter\" src=\"https:\/\/canalminbolivia.org\/wp-content\/uploads\/2026\/04\/31.jpg\" alt=\"\" width=\"2133\" height=\"1292\" data-object-fit=\"cover\" \/><\/span><\/p>\r\n<div class=\"wp-block-cover__inner-container is-layout-constrained wp-container-core-cover-is-layout-da604d14 wp-block-cover-is-layout-constrained\">\r\n<p style=\"text-align: justify;\"><span style=\"font-family: tahoma, arial, helvetica, sans-serif; font-size: 24px;\"><\/span><\/p>\r\n<p class=\"has-text-align-center has-medium-font-size\" style=\"border-radius: 1px; margin-top: 0px; margin-left: var(--wp--preset--spacing--80); text-align: justify;\"><span style=\"color: #ffffff; font-size: 24px; font-family: tahoma, arial, helvetica, sans-serif;\"><strong>Objetivo Institucional:<\/strong> Promover el desarrollo de la miner\u00eda chica del pa\u00eds mediante la elaboraci\u00f3n de proyectos de asistencia y desarrollo minero, la captaci\u00f3n de financiamiento nacional e internacional, la coordinaci\u00f3n interinstitucional y la representaci\u00f3n y defensa de las C\u00e1maras Departamentales y Regionales.<\/span><\/p>\r\n<p><\/p>\r\n<\/div>\r\n<\/div>\r\n<p><\/p>","protected":false},"excerpt":{"rendered":"","protected":false},"author":1,"featured_media":0,"parent":15,"menu_order":0,"comment_status":"closed","ping_status":"closed","template":"page-templates\/full-width.php","meta":{"_uag_custom_page_level_css":"","footnotes":""},"class_list":["post-17","page","type-page","status-publish","hentry"],"uagb_featured_image_src":{"full":false,"thumbnail":false,"medium":false,"medium_large":false,"large":false,"1536x1536":false,"2048x2048":false,"reviewnews-large":false,"reviewnews-medium":false,"awb_sm":false,"awb_md":false,"awb_lg":false,"awb_xl":false},"uagb_author_info":{"display_name":"admin","author_link":"https:\/\/canalminbolivia.org\/index.php\/author\/admin\/"},"uagb_comment_info":0,"uagb_excerpt":null,"_links":{"self":[{"href":"https:\/\/canalminbolivia.org\/index.php\/wp-json\/wp\/v2\/pages\/17","targetHints":{"allow":["GET"]}}],"collection":[{"href":"https:\/\/canalminbolivia.org\/index.php\/wp-json\/wp\/v2\/pages"}],"about":[{"href":"https:\/\/canalminbolivia.org\/index.php\/wp-json\/wp\/v2\/types\/page"}],"author":[{"embeddable":true,"href":"https:\/\/canalminbolivia.org\/index.php\/wp-json\/wp\/v2\/users\/1"}],"replies":[{"embeddable":true,"href":"https:\/\/canalminbolivia.org\/index.php\/wp-json\/wp\/v2\/comments?post=17"}],"version-history":[{"count":86,"href":"https:\/\/canalminbolivia.org\/index.php\/wp-json\/wp\/v2\/pages\/17\/revisions"}],"predecessor-version":[{"id":2296,"href":"https:\/\/canalminbolivia.org\/index.php\/wp-json\/wp\/v2\/pages\/17\/revisions\/2296"}],"up":[{"embeddable":true,"href":"https:\/\/canalminbolivia.org\/index.php\/wp-json\/wp\/v2\/pages\/15"}],"wp:attachment":[{"href":"https:\/\/canalminbolivia.org\/index.php\/wp-json\/wp\/v2\/media?parent=17"}],"curies":[{"name":"wp","href":"https:\/\/api.w.org\/{rel}","templated":true}]}}