{"id":13,"date":"2026-03-05T18:49:48","date_gmt":"2026-03-05T18:49:48","guid":{"rendered":"https:\/\/canalminbolivia.org\/?page_id=13"},"modified":"2026-04-01T20:43:53","modified_gmt":"2026-04-01T20:43:53","slug":"historia","status":"publish","type":"page","link":"https:\/\/canalminbolivia.org\/index.php\/quienes-somos\/historia\/","title":{"rendered":"Historia"},"content":{"rendered":"\n\n\n<h1 style=\"text-align: center;\"><span style=\"font-size: 60px; font-family: tahoma, arial, helvetica, sans-serif; color: #072472;\"><strong>Historia<\/strong><\/span><\/h1>\n<p>\u00a0<\/p>\n\n\n\n<div class=\"wp-block-columns alignfull is-layout-flex wp-container-core-columns-is-layout-28f84493 wp-block-columns-is-layout-flex\">\n<div class=\"wp-block-column is-layout-constrained wp-block-column-is-layout-constrained\">\n<p class=\"has-medium-font-size\"><p class=\"has-medium-font-size\" style=\"text-align: justify;\"><span style=\"font-size: 24px; color: #072472; font-family: tahoma, arial, helvetica, sans-serif;\"><strong>La C\u00e1mara Nacional de Miner\u00eda (CANALMIN)<\/strong> fue creada mediante el Decreto Supremo N\u00b0 3327, de 5 de marzo de 1953, como una instancia de articulaci\u00f3n y representaci\u00f3n de los operadores de la miner\u00eda chica del pa\u00eds que afiliaba a empresarios que estaban categorizados como chicos y medianos. Su funcionamiento oficial se inici\u00f3 el 2 de abril de ese mismo a\u00f1o, marcando el inicio de una estructura organizativa de alcance nacional orientada a la defensa y fortalecimiento del sector.<\/span><\/p><\/p>\n<\/div>\n\n\n\n<div class=\"wp-block-column is-vertically-aligned-center is-layout-flow wp-block-column-is-layout-flow\">\n<figure class=\"wp-block-image alignfull size-full\"><img decoding=\"async\" width=\"800\" height=\"485\" src=\"https:\/\/canalminbolivia.org\/wp-content\/uploads\/2026\/04\/4.png\" alt=\"\" class=\"wp-image-2284\"\/><\/figure>\n<\/div>\n<\/div>\n\n\n\n\n\n<div class=\"wp-block-columns alignfull are-vertically-aligned-center is-layout-flex wp-container-core-columns-is-layout-28f84493 wp-block-columns-is-layout-flex\">\n<div class=\"wp-block-column is-vertically-aligned-center is-layout-flow wp-block-column-is-layout-flow\">\n<figure class=\"wp-block-image alignfull size-full\"><img decoding=\"async\" width=\"800\" height=\"485\" src=\"https:\/\/canalminbolivia.org\/wp-content\/uploads\/2026\/04\/1.png\" alt=\"\" class=\"wp-image-2286\"\/><\/figure>\n<\/div>\n\n\n\n<div class=\"wp-block-column is-vertically-aligned-center is-layout-flow wp-block-column-is-layout-flow\">\n\n<p class=\"has-medium-font-size\" style=\"text-align: justify;\"><span style=\"font-size: 24px; color: #072472; font-family: tahoma, arial, helvetica, sans-serif;\">El Acta de Organizaci\u00f3n de <strong>CANALMIN<\/strong> fue suscrita por representantes de las c\u00e1maras mineras departamentales y regionales, consolidando desde sus or\u00edgenes su car\u00e1cter nacional y su vocaci\u00f3n integradora. Posteriormente, la personer\u00eda jur\u00eddica de la instituci\u00f3n fue formalizada mediante la Resoluci\u00f3n Suprema N\u00b0 64070, de 7 de octubre de 1954, lo que permiti\u00f3 la conformaci\u00f3n de su primer Directorio y el establecimiento de una base institucional s\u00f3lida.<\/span><\/p>\r\n<span style=\"font-size: 24px; color: #072472; font-family: tahoma, arial, helvetica, sans-serif;\">\n\n<\/span><\/div>\r\n<span style=\"font-size: 24px; color: #072472; font-family: tahoma, arial, helvetica, sans-serif;\">\n<\/div>\n\n\n\n<div class=\"wp-block-columns alignfull is-layout-flex wp-container-core-columns-is-layout-28f84493 wp-block-columns-is-layout-flex\">\n<\/span>\r\n<div class=\"wp-block-column is-vertically-aligned-stretch is-layout-constrained wp-block-column-is-layout-constrained\"><span style=\"font-size: 24px; color: #072472; font-family: tahoma, arial, helvetica, sans-serif;\">\n\n<\/span>\r\n<p class=\"has-medium-font-size\" style=\"text-align: justify;\"><span style=\"font-size: 24px; color: #072472; font-family: tahoma, arial, helvetica, sans-serif;\">Durante sus primeras d\u00e9cadas, <strong>CANALMIN<\/strong> mantuvo una relaci\u00f3n estrecha con el Banco Minero de Bolivia, entidad que desempe\u00f1\u00f3 un rol clave en la comercializaci\u00f3n de minerales y en el apoyo financiero a los operadores de la miner\u00eda chica. Esta relaci\u00f3n contribuy\u00f3 al desarrollo productivo del subsector y al sostenimiento de su actividad en distintos contextos econ\u00f3micos.<\/span><\/p>\n\n<\/div>\n\n\n\n<div class=\"wp-block-column is-vertically-aligned-stretch is-layout-constrained wp-block-column-is-layout-constrained\">\n<figure class=\"wp-block-image alignfull size-full\"><img decoding=\"async\" width=\"800\" height=\"485\" src=\"https:\/\/canalminbolivia.org\/wp-content\/uploads\/2026\/04\/5.png\" alt=\"\" class=\"wp-image-2287\"\/><\/figure>\n<\/div>\n<\/div>\n\n\n\n<div class=\"wp-block-columns alignfull is-layout-flex wp-container-core-columns-is-layout-28f84493 wp-block-columns-is-layout-flex\">\n<div class=\"wp-block-column is-layout-flow wp-block-column-is-layout-flow\">\n<figure class=\"wp-block-image size-full\"><img decoding=\"async\" width=\"800\" height=\"485\" src=\"https:\/\/canalminbolivia.org\/wp-content\/uploads\/2026\/04\/2.png\" alt=\"\" class=\"wp-image-2288\"\/><\/figure>\n<\/div>\n\n\n\n<div class=\"wp-block-column is-vertically-aligned-stretch is-layout-constrained wp-block-column-is-layout-constrained\">\n\n<p class=\"has-medium-font-size\" style=\"text-align: justify;\"><span style=\"font-size: 24px; color: #072472; font-family: tahoma, arial, helvetica, sans-serif;\">Durante sus primeras d\u00e9cadas, <strong>CANALMIN<\/strong> mantuvo una relaci\u00f3n estrecha con el Banco Minero de Bolivia, entidad que desempe\u00f1\u00f3 un rol clave en la comercializaci\u00f3n de minerales y en el apoyo financiero a los operadores de la miner\u00eda chica. Esta relaci\u00f3n contribuy\u00f3 al desarrollo productivo del subsector y al sostenimiento de su actividad en distintos contextos econ\u00f3micos.<\/span><\/p>\r\n<span style=\"font-size: 24px; color: #072472; font-family: tahoma, arial, helvetica, sans-serif;\">\n\n<\/span><\/div>\r\n<span style=\"font-size: 24px; color: #072472; font-family: tahoma, arial, helvetica, sans-serif;\">\n<\/div>\n\n\n\n<div class=\"wp-block-columns alignfull is-layout-flex wp-container-core-columns-is-layout-28f84493 wp-block-columns-is-layout-flex\">\n<\/span>\r\n<div class=\"wp-block-column is-layout-flow wp-block-column-is-layout-flow\"><span style=\"font-size: 24px; color: #072472; font-family: tahoma, arial, helvetica, sans-serif;\">\n\n<\/span>\r\n<p class=\"has-medium-font-size\" style=\"text-align: justify;\"><span style=\"font-size: 24px; color: #072472; font-family: tahoma, arial, helvetica, sans-serif;\">A lo largo de su trayectoria, la C\u00e1mara Nacional de Miner\u00eda ha acompa\u00f1ado los procesos de transformaci\u00f3n del sector minero, enfrentando cambios normativos, institucionales y productivos. En ese camino, <strong>CANALMIN<\/strong> ha reafirmado su compromiso permanente con la organizaci\u00f3n, representaci\u00f3n y fortalecimiento de la Miner\u00eda Chica como un pilar productivo y social del pa\u00eds.<\/span><\/p>\n\n<\/div>\n\n\n\n<div class=\"wp-block-column is-layout-flow wp-block-column-is-layout-flow\">\n<figure class=\"wp-block-image aligncenter size-full\"><img decoding=\"async\" width=\"800\" height=\"485\" src=\"https:\/\/canalminbolivia.org\/wp-content\/uploads\/2026\/04\/3.png\" alt=\"\" class=\"wp-image-2289\"\/><\/figure>\n<\/div>\n<\/div>\n\n\n\n<div class=\"wp-block-columns alignfull is-layout-flex wp-container-core-columns-is-layout-28f84493 wp-block-columns-is-layout-flex\">\n\n<div class=\"wp-block-column is-layout-flow wp-block-column-is-layout-flow\">\n\n<figure class=\"wp-block-image alignfull size-full\"><img decoding=\"async\" width=\"400\" height=\"375\" class=\"wp-image-599\" src=\"https:\/\/canalminbolivia.org\/wp-content\/uploads\/2026\/03\/IMG-20260305-WA0003.jpg-removebg-preview.png\" alt=\"\" \/><\/figure>\n\n<\/div>\n\n\r\n\n<div class=\"wp-block-column is-vertically-aligned-center is-layout-flow wp-block-column-is-layout-flow\">\n\n<p class=\"has-medium-font-size\" style=\"text-align: justify;\"><span style=\"font-size: 24px; color: #072472; font-family: tahoma, arial, helvetica, sans-serif;\"><em><em>La creaci\u00f3n de <strong>CANALMIN<\/strong> en 1953 se enmarca en el contexto de la Revoluci\u00f3n Nacional Boliviana.<\/em>Ese mismo a\u00f1o, el gobierno del MNR cre\u00f3 tambi\u00e9n la <strong>COMIBOL<\/strong> (Corporaci\u00f3n Minera de Bolivia, D.S. N\u00b0 3196, 2 de octubre de 1952), y nacionaliz\u00f3 las grandes minas de <strong>Pati\u00f1o, Hochschild y Aramayo<\/strong>. La Miner\u00eda Chica, representada por <strong>CANALMIN<\/strong>, oper\u00f3 como contrapeso productivo al sector estatal, manteniendo su actividad a lo largo de las d\u00e9cadas siguientes, incluso durante la crisis minera de 1985 generada por la ca\u00edda del precio del esta\u00f1o. A partir de ese a\u00f1o, la exportaci\u00f3n de la miner\u00eda mediana y chica como porcentaje del total de exportaciones super\u00f3 a la de <strong>COMIBOL<\/strong> (Fuente: Wikipedia &#8211; Corporaci\u00f3n Minera de Bolivia; COMIBOL www.comibol.gob.bo).<\/em><\/span><\/p>\r\n<span style=\"font-size: 24px; color: #072472; font-family: tahoma, arial, helvetica, sans-serif;\">\n\n<\/span><\/div>\r\n<span style=\"font-size: 24px; color: #072472; font-family: tahoma, arial, helvetica, sans-serif;\">\n\n<\/span><\/div>\r\n<p><span style=\"font-size: 24px; color: #072472; font-family: tahoma, arial, helvetica, sans-serif;\">\n\n\n\n<\/span><\/p>\r\n<div class=\"wp-block-columns alignfull is-layout-flex wp-container-core-columns-is-layout-28f84493 wp-block-columns-is-layout-flex\"><span style=\"font-size: 24px; color: #072472; font-family: tahoma, arial, helvetica, sans-serif;\">\n\n<\/span>\r\n<div class=\"wp-block-column is-layout-flow wp-block-column-is-layout-flow\"><span style=\"font-size: 24px; color: #072472; font-family: tahoma, arial, helvetica, sans-serif;\">\n\n<\/span>\r\n<p class=\"has-medium-font-size\" style=\"text-align: justify;\"><span style=\"font-size: 24px; color: #072472; font-family: tahoma, arial, helvetica, sans-serif;\"><em>La <strong>C\u00c1MARA DEPARTAMENTAL DE MINER\u00cdA DE ORURO (CADEMIN),<\/strong> filial de <strong>CANALMIN<\/strong>, tiene antecedentes que se remontan a 1932, lo que ilustra la profundidad hist\u00f3rica del movimiento minero chico en Bolivia (Fuente: Censo Gu\u00edas de Archivos, censoarchivos.mcu.es). Asimismo, la <strong>C\u00c1MARA DEPARTAMENTAL DE MINER\u00cdA DE POTOS\u00cd<\/strong> fue reconocida formalmente el 20 de enero de 1953, en cumplimiento del mismo D.S. N\u00b0 3327.<\/em><\/span><\/p>\n\n<\/div>\n\n\r\n\n<div class=\"wp-block-column is-layout-flow wp-block-column-is-layout-flow\">\n\n<figure class=\"wp-block-image alignfull size-full\"><img decoding=\"async\" width=\"700\" height=\"266\" class=\"wp-image-754\" src=\"https:\/\/canalminbolivia.org\/wp-content\/uploads\/2026\/03\/SLIDER1.png\" alt=\"\" \/><\/figure>\n\n<\/div>\n\n<\/div>\n","protected":false},"excerpt":{"rendered":"<p>Historia \u00a0 La C\u00e1mara Nacional de Miner\u00eda (CANALMIN) fue creada mediante el Decreto Supremo N\u00b0 3327, de 5<\/p>\n","protected":false},"author":1,"featured_media":0,"parent":11,"menu_order":0,"comment_status":"closed","ping_status":"closed","template":"page-templates\/full-width.php","meta":{"_uag_custom_page_level_css":"","footnotes":""},"class_list":["post-13","page","type-page","status-publish","hentry"],"uagb_featured_image_src":{"full":false,"thumbnail":false,"medium":false,"medium_large":false,"large":false,"1536x1536":false,"2048x2048":false,"reviewnews-large":false,"reviewnews-medium":false,"awb_sm":false,"awb_md":false,"awb_lg":false,"awb_xl":false},"uagb_author_info":{"display_name":"admin","author_link":"https:\/\/canalminbolivia.org\/index.php\/author\/admin\/"},"uagb_comment_info":0,"uagb_excerpt":"Historia \u00a0 La C\u00e1mara Nacional de Miner\u00eda (CANALMIN) fue creada mediante el Decreto Supremo N\u00b0 3327, de 5","_links":{"self":[{"href":"https:\/\/canalminbolivia.org\/index.php\/wp-json\/wp\/v2\/pages\/13","targetHints":{"allow":["GET"]}}],"collection":[{"href":"https:\/\/canalminbolivia.org\/index.php\/wp-json\/wp\/v2\/pages"}],"about":[{"href":"https:\/\/canalminbolivia.org\/index.php\/wp-json\/wp\/v2\/types\/page"}],"author":[{"embeddable":true,"href":"https:\/\/canalminbolivia.org\/index.php\/wp-json\/wp\/v2\/users\/1"}],"replies":[{"embeddable":true,"href":"https:\/\/canalminbolivia.org\/index.php\/wp-json\/wp\/v2\/comments?post=13"}],"version-history":[{"count":115,"href":"https:\/\/canalminbolivia.org\/index.php\/wp-json\/wp\/v2\/pages\/13\/revisions"}],"predecessor-version":[{"id":2321,"href":"https:\/\/canalminbolivia.org\/index.php\/wp-json\/wp\/v2\/pages\/13\/revisions\/2321"}],"up":[{"embeddable":true,"href":"https:\/\/canalminbolivia.org\/index.php\/wp-json\/wp\/v2\/pages\/11"}],"wp:attachment":[{"href":"https:\/\/canalminbolivia.org\/index.php\/wp-json\/wp\/v2\/media?parent=13"}],"curies":[{"name":"wp","href":"https:\/\/api.w.org\/{rel}","templated":true}]}}